{"id":752,"date":"2024-05-11T11:03:38","date_gmt":"2024-05-11T11:03:38","guid":{"rendered":"https:\/\/azulinvestsa.com\/?page_id=752"},"modified":"2024-05-14T16:57:41","modified_gmt":"2024-05-14T16:57:41","slug":"legal-notice","status":"publish","type":"page","link":"https:\/\/azulinvestsa.com\/fr\/legal-notice\/","title":{"rendered":"Mention l\u00e9gale"},"content":{"rendered":"<div data-elementor-type=\"wp-page\" data-elementor-id=\"752\" class=\"elementor elementor-752\" data-elementor-post-type=\"page\">\n\t\t\t\t<div class=\"elementor-element elementor-element-700daa7a e-con-full e-flex e-con e-parent\" data-id=\"700daa7a\" data-element_type=\"container\">\n\t\t\t\t<div class=\"elementor-element elementor-element-5ad60ee1 elementor--h-position-center elementor--v-position-middle elementor-arrows-position-inside elementor-widget elementor-widget-slides\" data-id=\"5ad60ee1\" data-element_type=\"widget\" data-settings=\"{&quot;navigation&quot;:&quot;arrows&quot;,&quot;autoplay&quot;:&quot;yes&quot;,&quot;pause_on_hover&quot;:&quot;yes&quot;,&quot;pause_on_interaction&quot;:&quot;yes&quot;,&quot;autoplay_speed&quot;:5000,&quot;infinite&quot;:&quot;yes&quot;,&quot;transition&quot;:&quot;slide&quot;,&quot;transition_speed&quot;:500}\" data-widget_type=\"slides.default\">\n\t\t\t\t<div class=\"elementor-widget-container\">\n\t\t\t<style>\/*! elementor-pro - v3.21.0 - 30-04-2024 *\/\n.elementor-slides .swiper-slide-bg{background-size:cover;background-position:50%;background-repeat:no-repeat;min-width:100%;min-height:100%}.elementor-slides .swiper-slide-inner{background-repeat:no-repeat;background-position:50%;position:absolute;top:0;left:0;bottom:0;right:0;padding:50px;margin:auto}.elementor-slides .swiper-slide-inner,.elementor-slides .swiper-slide-inner:hover{color:#fff;display:flex}.elementor-slides .swiper-slide-inner .elementor-background-overlay{position:absolute;z-index:0;top:0;bottom:0;left:0;right:0}.elementor-slides .swiper-slide-inner .elementor-slide-content{position:relative;z-index:1;width:100%}.elementor-slides .swiper-slide-inner .elementor-slide-heading{font-size:35px;font-weight:700;line-height:1}.elementor-slides .swiper-slide-inner .elementor-slide-description{font-size:17px;line-height:1.4}.elementor-slides .swiper-slide-inner .elementor-slide-description:not(:last-child),.elementor-slides .swiper-slide-inner .elementor-slide-heading:not(:last-child){margin-bottom:30px}.elementor-slides .swiper-slide-inner .elementor-slide-button{border:2px solid #fff;color:#fff;background:transparent;display:inline-block}.elementor-slides .swiper-slide-inner .elementor-slide-button,.elementor-slides .swiper-slide-inner .elementor-slide-button:hover{background:transparent;color:inherit;text-decoration:none}.elementor--v-position-top .swiper-slide-inner{align-items:flex-start}.elementor--v-position-bottom .swiper-slide-inner{align-items:flex-end}.elementor--v-position-middle .swiper-slide-inner{align-items:center}.elementor--h-position-left .swiper-slide-inner{justify-content:flex-start}.elementor--h-position-right .swiper-slide-inner{justify-content:flex-end}.elementor--h-position-center .swiper-slide-inner{justify-content:center}body.rtl .elementor-widget-slides .elementor-swiper-button-next{left:10px;right:auto}body.rtl .elementor-widget-slides .elementor-swiper-button-prev{right:10px;left:auto}.elementor-slides-wrapper div:not(.swiper-slide)>.swiper-slide-inner{display:none}@media (max-width:767px){.elementor-slides .swiper-slide-inner{padding:30px}.elementor-slides .swiper-slide-inner .elementor-slide-heading{font-size:23px;line-height:1;margin-bottom:15px}.elementor-slides .swiper-slide-inner .elementor-slide-description{font-size:13px;line-height:1.4;margin-bottom:15px}}<\/style>\t\t<div class=\"elementor-swiper\">\n\t\t\t<div class=\"elementor-slides-wrapper elementor-main-swiper swiper\" dir=\"ltr\" data-animation=\"fadeInUp\">\n\t\t\t\t<div class=\"swiper-wrapper elementor-slides\">\n\t\t\t\t\t\t\t\t\t\t<div class=\"elementor-repeater-item-6cf9e55 swiper-slide\"><div class=\"swiper-slide-bg\" role=\"img\"><\/div><div class=\"swiper-slide-inner\" ><div class=\"swiper-slide-contents\"><\/div><\/div><\/div>\t\t\t\t<\/div>\n\t\t\t\t\t\t\t<\/div>\n\t\t<\/div>\n\t\t\t\t<\/div>\n\t\t\t\t<\/div>\n\t\t\t\t<div class=\"elementor-element elementor-element-4435c5ff elementor-widget__width-initial elementor-widget elementor-widget-heading\" data-id=\"4435c5ff\" data-element_type=\"widget\" data-widget_type=\"heading.default\">\n\t\t\t\t<div class=\"elementor-widget-container\">\n\t\t\t<style>\/*! elementor - v3.21.0 - 30-04-2024 *\/\n.elementor-heading-title{padding:0;margin:0;line-height:1}.elementor-widget-heading .elementor-heading-title[class*=elementor-size-]>a{color:inherit;font-size:inherit;line-height:inherit}.elementor-widget-heading .elementor-heading-title.elementor-size-small{font-size:15px}.elementor-widget-heading .elementor-heading-title.elementor-size-medium{font-size:19px}.elementor-widget-heading .elementor-heading-title.elementor-size-large{font-size:29px}.elementor-widget-heading .elementor-heading-title.elementor-size-xl{font-size:39px}.elementor-widget-heading .elementor-heading-title.elementor-size-xxl{font-size:59px}<\/style><h2 class=\"elementor-heading-title elementor-size-default\">MENTION L\u00c9GALE<\/h2>\t\t<\/div>\n\t\t\t\t<\/div>\n\t\t\t\t<\/div>\n\t\t<div class=\"elementor-element elementor-element-c8067d2 e-flex e-con-boxed e-con e-parent\" data-id=\"c8067d2\" data-element_type=\"container\">\n\t\t\t\t\t<div class=\"e-con-inner\">\n\t\t\t\t<div class=\"elementor-element elementor-element-329fc0b elementor-widget elementor-widget-text-editor\" data-id=\"329fc0b\" data-element_type=\"widget\" data-widget_type=\"text-editor.default\">\n\t\t\t\t<div class=\"elementor-widget-container\">\n\t\t\t<style>\/*! elementor - v3.21.0 - 30-04-2024 *\/\n.elementor-widget-text-editor.elementor-drop-cap-view-stacked .elementor-drop-cap{background-color:#69727d;color:#fff}.elementor-widget-text-editor.elementor-drop-cap-view-framed .elementor-drop-cap{color:#69727d;border:3px solid;background-color:transparent}.elementor-widget-text-editor:not(.elementor-drop-cap-view-default) .elementor-drop-cap{margin-top:8px}.elementor-widget-text-editor:not(.elementor-drop-cap-view-default) .elementor-drop-cap-letter{width:1em;height:1em}.elementor-widget-text-editor .elementor-drop-cap{float:left;text-align:center;line-height:1;font-size:50px}.elementor-widget-text-editor .elementor-drop-cap-letter{display:inline-block}<\/style>\t\t\t\t<h6><strong>RESPONSABLE DU CONTENU<\/strong><\/h6>\n<h6><strong>AZULINVEST SA<\/strong><\/h6>\nChemin William-Lescaze 3,<br>\nCH 1203, Gen\u00e8ve, Suisse.<br>\nT\u00e9l\u00e9phone: <strong><a class=\"hoveringat\" style=\"color: #56aed4; font-weight: 500px !important;\" href=\"tel: 41225039542\">+41.22.503.95.42<\/a><\/strong><br>\nE-mail: <strong><a class=\"hoveringat\" style=\"color: #56aed4; font-weight: 500px!important;\" href=\"mailto:contact@azulinvestsa.com\">contact@azulinvestsa.com<\/a><\/strong><br><br>\n<h6><strong>Informations sur la forme juridique<\/strong><\/h6>\n<strong>AZULINVEST SA<\/strong> est bas\u00e9e \u00e0 Gen\u00e8ve, en Suisse. Inscrite au Registre du Commerce de Gen\u00e8ve. Le directeur g\u00e9n\u00e9ral est Lionel Bernard Fleurot. Num\u00e9ro de registre du commerce CHE-103.448.857, Gen\u00e8ve, Suisse.\n<h6><strong>Mention l\u00e9gale<\/strong><\/h6>\nTous les textes figurant sur le site Internet d&#039;AZULINVEST SA sont uniquement \u00e0 titre d&#039;information g\u00e9n\u00e9rale et ne sont ni adapt\u00e9s ni destin\u00e9s \u00e0 \u00eatre utilis\u00e9s comme informations juridiques dans un cas sp\u00e9cifique. AZULINVEST SA ne pr\u00e9tend pas \u00e0 l&#039;exhaustivit\u00e9 ou \u00e0 l&#039;exactitude de ces informations. Nous attirons votre attention sur le fait que l&#039;envoi d&#039;un email \u00e0 notre adresse ne constitue pas une relation client. Veuillez \u00e9galement noter que lors de l&#039;utilisation d&#039;e-mails, ni la confidentialit\u00e9 ni la r\u00e9ception effective par le destinataire ne sont garanties. En tout \u00e9tat de cause, la relation client ne s\u2019\u00e9tablit qu\u2019une fois que nous avons confirm\u00e9 l\u2019acceptation de la commande. Nous attirons votre attention sur le fait que chaque email entrant et sortant est stock\u00e9 et archiv\u00e9 localement sur un serveur interne \u00e0 l&#039;entreprise pour des raisons fiscales et op\u00e9rationnelles. AZULINVEST SA traitera vos donn\u00e9es de mani\u00e8re strictement confidentielle et ne les transmettra pas \u00e0 des tiers sauf si la loi l&#039;exige.\n<h6><strong>Plateforme de la Commission europ\u00e9enne pour la r\u00e9solution des litiges en ligne\u00a0:<\/strong><\/h6>\n<strong><a class=\"hoveringat\" style=\"color: #56aed4; font-weight: 500px !important;\" href=\"http:\/\/www.ec.europa.eu\/consumers\/odr\">www.ec.europa.eu\/consumers\/odr<\/a><\/strong>\n<h6><strong>Avis de droit d&#039;auteur et conditions d&#039;utilisation<\/strong><\/h6>\nTous droits r\u00e9serv\u00e9s. Tous les textes, images, graphiques, sons, animations et vid\u00e9os ainsi que leur disposition sur le site Internet sont prot\u00e9g\u00e9s par le droit d&#039;auteur et d&#039;autres lois de protection. Tout le contenu est destin\u00e9 uniquement \u00e0 des informations personnelles. Toute utilisation ult\u00e9rieure, notamment publication, reproduction, mise \u00e0 disposition du public et toute forme d&#039;utilisation commerciale ainsi que la divulgation \u00e0 des tiers \u2013 m\u00eame partiellement ou sous une forme r\u00e9vis\u00e9e \u2013 est interdite sans l&#039;accord d&#039;AZULINVEST SA. Reproduction \u2013 m\u00eame partielle \u2013 qui va au-del\u00e0 d&#039;une utilisation normale, c&#039;est-\u00e0-dire l&#039;affichage de la page appel\u00e9e sur un \u00e9cran et, le cas \u00e9ch\u00e9ant, son stockage temporaire automatique par le navigateur, n\u00e9cessite une autorisation \u00e9crite pr\u00e9alable. AZULINVEST SA d\u00e9tient les droits exclusifs d&#039;exploitation, de distribution et autres droits d&#039;auteur transf\u00e9rables.\n<h6><strong>droits d&#039;auteur<\/strong><\/h6>\n\u00a9 Copyright 1995 AZULINVEST SA, Gen\u00e8ve, Suisse. Tous droits r\u00e9serv\u00e9s. Les textes, images, graphiques, sons, animations et vid\u00e9os ainsi que leur disposition sur les sites Internet sont prot\u00e9g\u00e9s par le droit d&#039;auteur et d&#039;autres lois de protection. Le contenu de ces sites Internet ne peut \u00eatre copi\u00e9, distribu\u00e9, modifi\u00e9 ou rendu accessible \u00e0 des tiers \u00e0 des fins commerciales. Ce site Web n&#039;accorde pas de licence d&#039;utilisation de la propri\u00e9t\u00e9 intellectuelle.\t\t\t\t\t\t<\/div>\n\t\t\t\t<\/div>\n\t\t\t\t\t<\/div>\n\t\t\t\t<\/div>\n\t\t\t\t<\/div>","protected":false},"excerpt":{"rendered":"<p>LEGAL NOTICE RESPONSIBLE FOR THE CONTENT AZULINVEST S.A. Chemin William-Lescaze 3, CH 1203, Geneva, Switzerland. Phone: +41.22.503.95.42 E.mail: contact@azulinvestsa.com Information on the legal form AZULINVEST S.A is based in Geneva, Switzerland. Registered with the Geneva Trade Register. General Manager is Lionel Bernard Fleurot. Commercial register number CHE-103.448.857, Geneva, Switzerland. Legal notice All texts that can [&hellip;]<\/p>","protected":false},"author":1,"featured_media":0,"parent":0,"menu_order":0,"comment_status":"closed","ping_status":"closed","template":"","meta":{"footnotes":""},"class_list":["post-752","page","type-page","status-publish","hentry"],"yoast_head":"<!-- This site is optimized with the Yoast SEO plugin v22.7 - https:\/\/yoast.com\/wordpress\/plugins\/seo\/ -->\n<title>Legal Notice - AZULINVEST S.A<\/title>\n<meta name=\"robots\" content=\"index, follow, max-snippet:-1, max-image-preview:large, max-video-preview:-1\" \/>\n<link rel=\"canonical\" href=\"https:\/\/azulinvestsa.com\/fr\/legal-notice\/\" \/>\n<meta property=\"og:locale\" content=\"fr_FR\" \/>\n<meta property=\"og:type\" content=\"article\" \/>\n<meta property=\"og:title\" content=\"Legal Notice - AZULINVEST S.A\" \/>\n<meta property=\"og:description\" content=\"LEGAL NOTICE RESPONSIBLE FOR THE CONTENT AZULINVEST S.A. Chemin William-Lescaze 3, CH 1203, Geneva, Switzerland. Phone: +41.22.503.95.42 E.mail: contact@azulinvestsa.com Information on the legal form AZULINVEST S.A is based in Geneva, Switzerland. Registered with the Geneva Trade Register. General Manager is Lionel Bernard Fleurot. Commercial register number CHE-103.448.857, Geneva, Switzerland. Legal notice All texts that can [&hellip;]\" \/>\n<meta property=\"og:url\" content=\"https:\/\/azulinvestsa.com\/fr\/legal-notice\/\" \/>\n<meta property=\"og:site_name\" content=\"AZULINVEST S.A\" \/>\n<meta property=\"article:modified_time\" content=\"2024-05-14T16:57:41+00:00\" \/>\n<meta name=\"twitter:card\" content=\"summary_large_image\" \/>\n<meta name=\"twitter:label1\" content=\"Dur\u00e9e de lecture estim\u00e9e\" \/>\n\t<meta name=\"twitter:data1\" content=\"2 minutes\" \/>\n<script type=\"application\/ld+json\" class=\"yoast-schema-graph\">{\"@context\":\"https:\/\/schema.org\",\"@graph\":[{\"@type\":\"WebPage\",\"@id\":\"https:\/\/azulinvestsa.com\/legal-notice\/\",\"url\":\"https:\/\/azulinvestsa.com\/legal-notice\/\",\"name\":\"Legal Notice - AZULINVEST S.A\",\"isPartOf\":{\"@id\":\"https:\/\/azulinvestsa.com\/#website\"},\"datePublished\":\"2024-05-11T11:03:38+00:00\",\"dateModified\":\"2024-05-14T16:57:41+00:00\",\"breadcrumb\":{\"@id\":\"https:\/\/azulinvestsa.com\/legal-notice\/#breadcrumb\"},\"inLanguage\":\"fr-FR\",\"potentialAction\":[{\"@type\":\"ReadAction\",\"target\":[\"https:\/\/azulinvestsa.com\/legal-notice\/\"]}]},{\"@type\":\"BreadcrumbList\",\"@id\":\"https:\/\/azulinvestsa.com\/legal-notice\/#breadcrumb\",\"itemListElement\":[{\"@type\":\"ListItem\",\"position\":1,\"name\":\"Home\",\"item\":\"https:\/\/azulinvestsa.com\/\"},{\"@type\":\"ListItem\",\"position\":2,\"name\":\"Legal Notice\"}]},{\"@type\":\"WebSite\",\"@id\":\"https:\/\/azulinvestsa.com\/#website\",\"url\":\"https:\/\/azulinvestsa.com\/\",\"name\":\"AZULINVEST S.A\",\"description\":\"European Mineral Leader\",\"publisher\":{\"@id\":\"https:\/\/azulinvestsa.com\/#organization\"},\"potentialAction\":[{\"@type\":\"SearchAction\",\"target\":{\"@type\":\"EntryPoint\",\"urlTemplate\":\"https:\/\/azulinvestsa.com\/?s={search_term_string}\"},\"query-input\":\"required name=search_term_string\"}],\"inLanguage\":\"fr-FR\"},{\"@type\":\"Organization\",\"@id\":\"https:\/\/azulinvestsa.com\/#organization\",\"name\":\"AZULINVEST S.A\",\"url\":\"https:\/\/azulinvestsa.com\/\",\"logo\":{\"@type\":\"ImageObject\",\"inLanguage\":\"fr-FR\",\"@id\":\"https:\/\/azulinvestsa.com\/#\/schema\/logo\/image\/\",\"url\":\"https:\/\/azulinvestsa.com\/wp-content\/uploads\/2024\/05\/logoAV.png\",\"contentUrl\":\"https:\/\/azulinvestsa.com\/wp-content\/uploads\/2024\/05\/logoAV.png\",\"width\":323,\"height\":154,\"caption\":\"AZULINVEST S.A\"},\"image\":{\"@id\":\"https:\/\/azulinvestsa.com\/#\/schema\/logo\/image\/\"}}]}<\/script>\n<!-- \/ Yoast SEO plugin. -->","yoast_head_json":{"title":"Legal Notice - AZULINVEST S.A","robots":{"index":"index","follow":"follow","max-snippet":"max-snippet:-1","max-image-preview":"max-image-preview:large","max-video-preview":"max-video-preview:-1"},"canonical":"https:\/\/azulinvestsa.com\/fr\/legal-notice\/","og_locale":"fr_FR","og_type":"article","og_title":"Legal Notice - AZULINVEST S.A","og_description":"LEGAL NOTICE RESPONSIBLE FOR THE CONTENT AZULINVEST S.A. Chemin William-Lescaze 3, CH 1203, Geneva, Switzerland. Phone: +41.22.503.95.42 E.mail: contact@azulinvestsa.com Information on the legal form AZULINVEST S.A is based in Geneva, Switzerland. Registered with the Geneva Trade Register. General Manager is Lionel Bernard Fleurot. Commercial register number CHE-103.448.857, Geneva, Switzerland. Legal notice All texts that can [&hellip;]","og_url":"https:\/\/azulinvestsa.com\/fr\/legal-notice\/","og_site_name":"AZULINVEST S.A","article_modified_time":"2024-05-14T16:57:41+00:00","twitter_card":"summary_large_image","twitter_misc":{"Dur\u00e9e de lecture estim\u00e9e":"2 minutes"},"schema":{"@context":"https:\/\/schema.org","@graph":[{"@type":"WebPage","@id":"https:\/\/azulinvestsa.com\/legal-notice\/","url":"https:\/\/azulinvestsa.com\/legal-notice\/","name":"Legal Notice - AZULINVEST S.A","isPartOf":{"@id":"https:\/\/azulinvestsa.com\/#website"},"datePublished":"2024-05-11T11:03:38+00:00","dateModified":"2024-05-14T16:57:41+00:00","breadcrumb":{"@id":"https:\/\/azulinvestsa.com\/legal-notice\/#breadcrumb"},"inLanguage":"fr-FR","potentialAction":[{"@type":"ReadAction","target":["https:\/\/azulinvestsa.com\/legal-notice\/"]}]},{"@type":"BreadcrumbList","@id":"https:\/\/azulinvestsa.com\/legal-notice\/#breadcrumb","itemListElement":[{"@type":"ListItem","position":1,"name":"Home","item":"https:\/\/azulinvestsa.com\/"},{"@type":"ListItem","position":2,"name":"Legal Notice"}]},{"@type":"WebSite","@id":"https:\/\/azulinvestsa.com\/#website","url":"https:\/\/azulinvestsa.com\/","name":"AZULINVEST S.A","description":"European Mineral Leader","publisher":{"@id":"https:\/\/azulinvestsa.com\/#organization"},"potentialAction":[{"@type":"SearchAction","target":{"@type":"EntryPoint","urlTemplate":"https:\/\/azulinvestsa.com\/?s={search_term_string}"},"query-input":"required name=search_term_string"}],"inLanguage":"fr-FR"},{"@type":"Organization","@id":"https:\/\/azulinvestsa.com\/#organization","name":"AZULINVEST S.A","url":"https:\/\/azulinvestsa.com\/","logo":{"@type":"ImageObject","inLanguage":"fr-FR","@id":"https:\/\/azulinvestsa.com\/#\/schema\/logo\/image\/","url":"https:\/\/azulinvestsa.com\/wp-content\/uploads\/2024\/05\/logoAV.png","contentUrl":"https:\/\/azulinvestsa.com\/wp-content\/uploads\/2024\/05\/logoAV.png","width":323,"height":154,"caption":"AZULINVEST S.A"},"image":{"@id":"https:\/\/azulinvestsa.com\/#\/schema\/logo\/image\/"}}]}},"_links":{"self":[{"href":"https:\/\/azulinvestsa.com\/fr\/wp-json\/wp\/v2\/pages\/752","targetHints":{"allow":["GET"]}}],"collection":[{"href":"https:\/\/azulinvestsa.com\/fr\/wp-json\/wp\/v2\/pages"}],"about":[{"href":"https:\/\/azulinvestsa.com\/fr\/wp-json\/wp\/v2\/types\/page"}],"author":[{"embeddable":true,"href":"https:\/\/azulinvestsa.com\/fr\/wp-json\/wp\/v2\/users\/1"}],"replies":[{"embeddable":true,"href":"https:\/\/azulinvestsa.com\/fr\/wp-json\/wp\/v2\/comments?post=752"}],"version-history":[{"count":16,"href":"https:\/\/azulinvestsa.com\/fr\/wp-json\/wp\/v2\/pages\/752\/revisions"}],"predecessor-version":[{"id":1826,"href":"https:\/\/azulinvestsa.com\/fr\/wp-json\/wp\/v2\/pages\/752\/revisions\/1826"}],"wp:attachment":[{"href":"https:\/\/azulinvestsa.com\/fr\/wp-json\/wp\/v2\/media?parent=752"}],"curies":[{"name":"wp","href":"https:\/\/api.w.org\/{rel}","templated":true}]}}